{"id":1198,"date":"2019-12-10T02:11:20","date_gmt":"2019-12-10T01:11:20","guid":{"rendered":"https:\/\/agoodlifeinparis.com\/blog\/"},"modified":"2021-12-09T11:07:02","modified_gmt":"2021-12-09T10:07:02","slug":"blog","status":"publish","type":"page","link":"https:\/\/agoodlifeinparis.com\/fr\/blog\/","title":{"rendered":"Blog"},"content":{"rendered":"\n<style type=\"text\/css\" data-created_by=\"avia_inline_auto\" id=\"style-css-av-a9v0j-01393bfd4c0efa2eeeff06c6c16f6aa3\">\n#top .av-special-heading.av-a9v0j-01393bfd4c0efa2eeeff06c6c16f6aa3{\nmargin:10px 10px 10px 0;\npadding-bottom:10px;\n}\nbody .av-special-heading.av-a9v0j-01393bfd4c0efa2eeeff06c6c16f6aa3 .av-special-heading-tag .heading-char{\nfont-size:25px;\n}\n.av-special-heading.av-a9v0j-01393bfd4c0efa2eeeff06c6c16f6aa3 .av-subheading{\nfont-size:17px;\n}\n<\/style>\n<div  class='av-special-heading av-a9v0j-01393bfd4c0efa2eeeff06c6c16f6aa3 av-special-heading-h3 blockquote modern-quote  avia-builder-el-0  el_before_av_textblock  avia-builder-el-first  av-linked-heading'><h3 class='av-special-heading-tag '  itemprop=\"headline\"  >Blog<\/h3><div class=\"special-heading-border\"><div class=\"special-heading-inner-border\"><\/div><\/div><\/div>\n<section  class='av_textblock_section av-k37zppic-0c5d351ee99fdab1415f03d85ca5d916 '   itemscope=\"itemscope\" itemtype=\"https:\/\/schema.org\/CreativeWork\" ><div class='avia_textblock'  itemprop=\"text\" ><p><span class=\"s1\">Sources d&rsquo;inspiration parisiennes, suggestions pour organiser un superbe s\u00e9jour \u00e0 Paris, conseils pour les expats, et beaucoup d\u2019autres ressources pour vous \u00e9panouir \u00e0 Paris !<\/span><\/p>\n<\/div><\/section>\n\n<style type=\"text\/css\" data-created_by=\"avia_inline_auto\" id=\"style-css-av-g4knv-44cfa4b72a8fb709b698327fbfc4abf7\">\n.flex_column.av-g4knv-44cfa4b72a8fb709b698327fbfc4abf7{\nborder-radius:0px 0px 0px 0px;\npadding:0px 0px 0px 0px;\n}\n<\/style>\n<div  class='flex_column av-g4knv-44cfa4b72a8fb709b698327fbfc4abf7 av_one_full  avia-builder-el-2  el_after_av_textblock  avia-builder-el-last  first flex_column_div av-zero-column-padding  column-top-margin'     ><div id='av-masonry-1' class='av-masonry av-a750r-a4974e7ffb493be3755f67f55659b464 noHover av-flex-size av-large-gap av-hover-overlay-active av-masonry-animation- av-masonry-col-2 av-caption-always av-caption-style- av-masonry-entries av-medium-columns-overwrite av-medium-columns-1 av-small-columns-overwrite av-small-columns-1 av-mini-columns-overwrite av-mini-columns-1 ' data-post_id=\"1198\"><div class=\"av-masonry-container isotope av-js-disabled\"><div class='av-masonry-entry isotope-item av-masonry-item-no-image '><\/div><a href=\"https:\/\/agoodlifeinparis.com\/fr\/apprecier-paris-et-les-parisiens\/\"  id='av-masonry-1-item-1349' data-av-masonry-item='1349' class='av-masonry-entry isotope-item post-1349 post type-post status-publish format-standard has-post-thumbnail hentry category-connaissance-de-soi category-conseils-pour-visiteurs-expats category-culture-fr category-inspirations-parisiennes tag-apprecier-paris tag-culture-fr-2 tag-les-parisiens tag-paris-fr tag-style-de-vie-parisien  av-masonry-item-with-image' title=\"Appr\u00e9cier Paris et les Parisiens\"   itemscope=\"itemscope\" itemtype=\"https:\/\/schema.org\/CreativeWork\" ><div class='av-inner-masonry-sizer'><\/div><figure class='av-inner-masonry main_color'><div class=\"av-masonry-outerimage-container\"><div class='av-masonry-image-container'  ><img decoding=\"async\" width=\"705\" height=\"397\" fetchpriority=\"high\" class=\"wp-image-1337 avia-img-lazy-loading-not-1337\"  src=\"https:\/\/agoodlifeinparis.com\/wp-content\/uploads\/2020\/02\/Enjoying-Paris-AND-the-Parisians-1-705x397.jpg\" title=\"Appr\u00e9cier Paris et les Parisiens\" alt=\"Enjoying Paris... AND the Parisians!\" srcset=\"https:\/\/agoodlifeinparis.com\/wp-content\/uploads\/2020\/02\/Enjoying-Paris-AND-the-Parisians-1-705x397.jpg 705w, https:\/\/agoodlifeinparis.com\/wp-content\/uploads\/2020\/02\/Enjoying-Paris-AND-the-Parisians-1-300x169.jpg 300w, https:\/\/agoodlifeinparis.com\/wp-content\/uploads\/2020\/02\/Enjoying-Paris-AND-the-Parisians-1-1030x580.jpg 1030w, https:\/\/agoodlifeinparis.com\/wp-content\/uploads\/2020\/02\/Enjoying-Paris-AND-the-Parisians-1-768x432.jpg 768w, https:\/\/agoodlifeinparis.com\/wp-content\/uploads\/2020\/02\/Enjoying-Paris-AND-the-Parisians-1.jpg 1080w\" sizes=\"(max-width: 705px) 100vw, 705px\" \/><\/div><\/div><figcaption class='av-inner-masonry-content site-background'><div class='av-inner-masonry-content-pos'><div class='av-inner-masonry-content-pos-content'><div class='avia-arrow'><\/div><h3 class='av-masonry-entry-title entry-title '  itemprop=\"headline\" >Appr\u00e9cier Paris\u2026 ET les Parisiens !<\/h3><div class='av-masonry-entry-content entry-content'  itemprop=\"text\" >S'il est assez courant d'entendre dire que Paris est une ville magnifique, on entend aussi souvent dire que ce serait encore mieux SANS les Parisiens ! Ils ont la r\u00e9putation d\u2019\u00eatre grognons, indiff\u00e9rents, suffisants, malpolis parfois, et toujours press\u00e9s. Ce n\u2019est pas une image tr\u00e8s glorieuse ! Mais cela est en train de changer, et nous pouvons tous acc\u00e9l\u00e9rer ce changement. D\u00e9couvrez comment, et vous vous retrouverez bient\u00f4t \u00e0 appr\u00e9cier Paris ET les Parisiens !<\/div><span class='av-masonry-date meta-color updated'>10 d\u00e9cembre 2021<\/span><span class=\"av-masonry-text-sep text-sep-author\">\/<\/span><span class='av-masonry-author meta-color author'><span class='fn'>par Lydie<\/span><\/span><\/div><\/div><\/figcaption><\/figure><\/a><!--end av-masonry entry--><a href=\"https:\/\/agoodlifeinparis.com\/fr\/le-travail-cest-de-lamour-rendu-visible\/\"  id='av-masonry-1-item-1311' data-av-masonry-item='1311' class='av-masonry-entry isotope-item post-1311 post type-post status-publish format-standard has-post-thumbnail hentry category-culture-fr category-inspirations-parisiennes category-photographie tag-culture-fr-2 tag-fotofever-paris-fr tag-paris-fr tag-photographie  av-masonry-item-with-image' title=\"Banner_Gilleslorin-4\"   itemscope=\"itemscope\" itemtype=\"https:\/\/schema.org\/CreativeWork\" ><div class='av-inner-masonry-sizer'><\/div><figure class='av-inner-masonry main_color'><div class=\"av-masonry-outerimage-container\"><div class='av-masonry-image-container'  ><img decoding=\"async\" width=\"705\" height=\"403\" fetchpriority=\"high\" class=\"wp-image-1294 avia-img-lazy-loading-not-1294\"  src=\"https:\/\/agoodlifeinparis.com\/wp-content\/uploads\/2020\/01\/Banner_Gilleslorin-4-705x403.jpg\" title=\"Banner_Gilleslorin-4\" alt=\"Gilles Lorin, Fotofever Paris 2019\" srcset=\"https:\/\/agoodlifeinparis.com\/wp-content\/uploads\/2020\/01\/Banner_Gilleslorin-4-705x403.jpg 705w, https:\/\/agoodlifeinparis.com\/wp-content\/uploads\/2020\/01\/Banner_Gilleslorin-4-300x171.jpg 300w, https:\/\/agoodlifeinparis.com\/wp-content\/uploads\/2020\/01\/Banner_Gilleslorin-4-1030x588.jpg 1030w, https:\/\/agoodlifeinparis.com\/wp-content\/uploads\/2020\/01\/Banner_Gilleslorin-4-768x439.jpg 768w, https:\/\/agoodlifeinparis.com\/wp-content\/uploads\/2020\/01\/Banner_Gilleslorin-4.jpg 1080w\" sizes=\"(max-width: 705px) 100vw, 705px\" \/><\/div><\/div><figcaption class='av-inner-masonry-content site-background'><div class='av-inner-masonry-content-pos'><div class='av-inner-masonry-content-pos-content'><div class='avia-arrow'><\/div><h3 class='av-masonry-entry-title entry-title '  itemprop=\"headline\" >Le travail, c&rsquo;est de l&rsquo;amour rendu visible.<\/h3><div class='av-masonry-entry-content entry-content'  itemprop=\"text\" >Je trouve cette citation de Khalil Gibran \u00e9blouissante. J'essaie de l'appliquer \u00e0 ma propre vie, et lorsque je rencontre des personnes qui l'incarnent, c'est pour moi \u00e0 chaque fois une nouvelle r\u00e9v\u00e9lation. Compte-rendu d'une rencontre pleine de po\u00e9sie avec l'artiste Gilles Lorin.<\/div><span class='av-masonry-date meta-color updated'>17 janvier 2021<\/span><span class=\"av-masonry-text-sep text-sep-author\">\/<\/span><span class='av-masonry-author meta-color author'><span class='fn'>par Lydie<\/span><\/span><\/div><\/div><\/figcaption><\/figure><\/a><!--end av-masonry entry--><a href=\"https:\/\/agoodlifeinparis.com\/fr\/soyez-vous-meme-tous-les-autres-sont-deja-pris\/\"  id='av-masonry-1-item-1175' data-av-masonry-item='1175' class='av-masonry-entry isotope-item post-1175 post type-post status-publish format-image has-post-thumbnail hentry category-connaissance-de-soi category-style-de-vie tag-autenticite tag-clarte tag-connaissance-de-soi tag-joie tag-soyez-vous-memes post_format-post-format-image  av-masonry-item-with-image' title=\"Soyez vous-m\u00eame &#8211; A Good Life in Paris\"   itemscope=\"itemscope\" itemtype=\"https:\/\/schema.org\/CreativeWork\" ><div class='av-inner-masonry-sizer'><\/div><figure class='av-inner-masonry main_color'><div class=\"av-masonry-outerimage-container\"><div class='av-masonry-image-container'  ><img decoding=\"async\" width=\"705\" height=\"397\" fetchpriority=\"high\" class=\"wp-image-1259 avia-img-lazy-loading-not-1259\"  src=\"https:\/\/agoodlifeinparis.com\/wp-content\/uploads\/2020\/01\/Soyez-vous-me\u0302mes-A-Good-Life-in-Paris-705x397.jpg\" title=\"Soyez vous-m\u00eame &#8211; A Good Life in Paris\" alt=\"Soyez vous-m\u00eame. Tous les autres sont d\u00e9j\u00e0 pris.\" srcset=\"https:\/\/agoodlifeinparis.com\/wp-content\/uploads\/2020\/01\/Soyez-vous-me\u0302mes-A-Good-Life-in-Paris-705x397.jpg 705w, https:\/\/agoodlifeinparis.com\/wp-content\/uploads\/2020\/01\/Soyez-vous-me\u0302mes-A-Good-Life-in-Paris-300x169.jpg 300w, https:\/\/agoodlifeinparis.com\/wp-content\/uploads\/2020\/01\/Soyez-vous-me\u0302mes-A-Good-Life-in-Paris-1030x580.jpg 1030w, https:\/\/agoodlifeinparis.com\/wp-content\/uploads\/2020\/01\/Soyez-vous-me\u0302mes-A-Good-Life-in-Paris-768x432.jpg 768w, https:\/\/agoodlifeinparis.com\/wp-content\/uploads\/2020\/01\/Soyez-vous-me\u0302mes-A-Good-Life-in-Paris.jpg 1080w\" sizes=\"(max-width: 705px) 100vw, 705px\" \/><\/div><\/div><figcaption class='av-inner-masonry-content site-background'><div class='av-inner-masonry-content-pos'><div class='av-inner-masonry-content-pos-content'><div class='avia-arrow'><\/div><h3 class='av-masonry-entry-title entry-title '  itemprop=\"headline\" >Soyez vous-m\u00eame. Tous les autres sont d\u00e9j\u00e0 pris.<\/h3><div class='av-masonry-entry-content entry-content'  itemprop=\"text\" >Peur d'\u00eatre visible ? Difficult\u00e9s \u00e0 partager votre vision avec le monde ? Je suis pass\u00e9e par l\u00e0, moi aussi... D\u00e9couvrez comment construire pas \u00e0 pas le courage d'\u00eatre plus authentique.<\/div><span class='av-masonry-date meta-color updated'>9 janvier 2021<\/span><span class=\"av-masonry-text-sep text-sep-author\">\/<\/span><span class='av-masonry-author meta-color author'><span class='fn'>par Lydie<\/span><\/span><\/div><\/div><\/figcaption><\/figure><\/a><!--end av-masonry entry--><a href=\"https:\/\/agoodlifeinparis.com\/fr\/un-tres-joyeux-reveillon-du-nouvel-an-a-vous-et-a-vos-proches\/\"  id='av-masonry-1-item-1248' data-av-masonry-item='1248' class='av-masonry-entry isotope-item post-1248 post type-post status-publish format-image has-post-thumbnail hentry category-celebration-fr category-style-de-vie tag-celebration tag-reveillon-du-nouvel-an tag-soyez-vous-memes post_format-post-format-image  av-masonry-item-with-image' title=\"Paris_Coucher-de-soleil_Seine_Tour-Eiffel\"   itemscope=\"itemscope\" itemtype=\"https:\/\/schema.org\/CreativeWork\" ><div class='av-inner-masonry-sizer'><\/div><figure class='av-inner-masonry main_color'><div class=\"av-masonry-outerimage-container\"><div class='av-masonry-image-container'  ><img decoding=\"async\" width=\"705\" height=\"373\" fetchpriority=\"high\" class=\"wp-image-1242 avia-img-lazy-loading-not-1242\"  src=\"https:\/\/agoodlifeinparis.com\/wp-content\/uploads\/2019\/12\/Paris_Sunset_Seine-River_Eiffer-Tower-705x373.jpg\" title=\"Paris_Coucher-de-soleil_Seine_Tour-Eiffel\" alt=\"\" srcset=\"https:\/\/agoodlifeinparis.com\/wp-content\/uploads\/2019\/12\/Paris_Sunset_Seine-River_Eiffer-Tower-705x373.jpg 705w, https:\/\/agoodlifeinparis.com\/wp-content\/uploads\/2019\/12\/Paris_Sunset_Seine-River_Eiffer-Tower-300x159.jpg 300w, https:\/\/agoodlifeinparis.com\/wp-content\/uploads\/2019\/12\/Paris_Sunset_Seine-River_Eiffer-Tower-768x406.jpg 768w, https:\/\/agoodlifeinparis.com\/wp-content\/uploads\/2019\/12\/Paris_Sunset_Seine-River_Eiffer-Tower-710x375.jpg 710w, https:\/\/agoodlifeinparis.com\/wp-content\/uploads\/2019\/12\/Paris_Sunset_Seine-River_Eiffer-Tower.jpg 1000w\" sizes=\"(max-width: 705px) 100vw, 705px\" \/><\/div><\/div><figcaption class='av-inner-masonry-content site-background'><div class='av-inner-masonry-content-pos'><div class='av-inner-masonry-content-pos-content'><div class='avia-arrow'><\/div><h3 class='av-masonry-entry-title entry-title '  itemprop=\"headline\" >Un tr\u00e8s joyeux R\u00e9veillon du Nouvel An \u00e0 vous et \u00e0 vos proches !<\/h3><div class='av-masonry-entry-content entry-content'  itemprop=\"text\" >Bon R\u00e9veillon du Nouvel An !\u00a02019 a \u00e9t\u00e9 une grande ann\u00e9e pour moi et je n'aurais pas pu le faire sans vous. Chaque jour, vous m'inspirez pour cr\u00e9er des offres toujours plus utiles et agr\u00e9ables pour les visiteurs, les expatri\u00e9s et les entrepreneurs \u00e0 Paris, et j'ai fait de grands progr\u00e8s cette ann\u00e9e pour concr\u00e9tiser tout cela.<\/div><span class='av-masonry-date meta-color updated'>31 d\u00e9cembre 2020<\/span><span class=\"av-masonry-text-sep text-sep-author\">\/<\/span><span class='av-masonry-author meta-color author'><span class='fn'>par Lydie<\/span><\/span><\/div><\/div><\/figcaption><\/figure><\/a><!--end av-masonry entry--><\/div><\/div><\/div>\n","protected":false},"excerpt":{"rendered":"","protected":false},"author":1,"featured_media":0,"parent":0,"menu_order":0,"comment_status":"closed","ping_status":"closed","template":"","meta":{"footnotes":""},"class_list":["post-1198","page","type-page","status-publish","hentry"],"yoast_head":"<!-- This site is optimized with the Yoast SEO plugin v26.5 - https:\/\/yoast.com\/wordpress\/plugins\/seo\/ -->\n<title>Blog - A Good Life in Paris<\/title>\n<meta name=\"robots\" content=\"index, follow, max-snippet:-1, max-image-preview:large, max-video-preview:-1\" \/>\n<link rel=\"canonical\" href=\"https:\/\/agoodlifeinparis.com\/fr\/blog\/\" \/>\n<meta property=\"og:locale\" content=\"fr_FR\" \/>\n<meta property=\"og:type\" content=\"article\" \/>\n<meta property=\"og:title\" content=\"Blog - A Good Life in Paris\" \/>\n<meta property=\"og:url\" content=\"https:\/\/agoodlifeinparis.com\/fr\/blog\/\" \/>\n<meta property=\"og:site_name\" content=\"A Good Life in Paris\" \/>\n<meta property=\"article:modified_time\" content=\"2021-12-09T10:07:02+00:00\" \/>\n<meta name=\"twitter:card\" content=\"summary_large_image\" \/>\n<meta name=\"twitter:label1\" content=\"Dur\u00e9e de lecture estim\u00e9e\" \/>\n\t<meta name=\"twitter:data1\" content=\"1 minute\" \/>\n<script type=\"application\/ld+json\" class=\"yoast-schema-graph\">{\"@context\":\"https:\/\/schema.org\",\"@graph\":[{\"@type\":\"WebPage\",\"@id\":\"https:\/\/agoodlifeinparis.com\/fr\/blog\/\",\"url\":\"https:\/\/agoodlifeinparis.com\/fr\/blog\/\",\"name\":\"Blog - A Good Life in Paris\",\"isPartOf\":{\"@id\":\"https:\/\/agoodlifeinparis.com\/fr\/#website\"},\"datePublished\":\"2019-12-10T01:11:20+00:00\",\"dateModified\":\"2021-12-09T10:07:02+00:00\",\"breadcrumb\":{\"@id\":\"https:\/\/agoodlifeinparis.com\/fr\/blog\/#breadcrumb\"},\"inLanguage\":\"fr-FR\",\"potentialAction\":[{\"@type\":\"ReadAction\",\"target\":[\"https:\/\/agoodlifeinparis.com\/fr\/blog\/\"]}]},{\"@type\":\"BreadcrumbList\",\"@id\":\"https:\/\/agoodlifeinparis.com\/fr\/blog\/#breadcrumb\",\"itemListElement\":[{\"@type\":\"ListItem\",\"position\":1,\"name\":\"Home\",\"item\":\"https:\/\/agoodlifeinparis.com\/fr\/\"},{\"@type\":\"ListItem\",\"position\":2,\"name\":\"Blog\"}]},{\"@type\":\"WebSite\",\"@id\":\"https:\/\/agoodlifeinparis.com\/fr\/#website\",\"url\":\"https:\/\/agoodlifeinparis.com\/fr\/\",\"name\":\"A Good Life in Paris\",\"description\":\"Find yourself on your journey to Paris!\",\"potentialAction\":[{\"@type\":\"SearchAction\",\"target\":{\"@type\":\"EntryPoint\",\"urlTemplate\":\"https:\/\/agoodlifeinparis.com\/fr\/?s={search_term_string}\"},\"query-input\":{\"@type\":\"PropertyValueSpecification\",\"valueRequired\":true,\"valueName\":\"search_term_string\"}}],\"inLanguage\":\"fr-FR\"}]}<\/script>\n<!-- \/ Yoast SEO plugin. -->","yoast_head_json":{"title":"Blog - A Good Life in Paris","robots":{"index":"index","follow":"follow","max-snippet":"max-snippet:-1","max-image-preview":"max-image-preview:large","max-video-preview":"max-video-preview:-1"},"canonical":"https:\/\/agoodlifeinparis.com\/fr\/blog\/","og_locale":"fr_FR","og_type":"article","og_title":"Blog - A Good Life in Paris","og_url":"https:\/\/agoodlifeinparis.com\/fr\/blog\/","og_site_name":"A Good Life in Paris","article_modified_time":"2021-12-09T10:07:02+00:00","twitter_card":"summary_large_image","twitter_misc":{"Dur\u00e9e de lecture estim\u00e9e":"1 minute"},"schema":{"@context":"https:\/\/schema.org","@graph":[{"@type":"WebPage","@id":"https:\/\/agoodlifeinparis.com\/fr\/blog\/","url":"https:\/\/agoodlifeinparis.com\/fr\/blog\/","name":"Blog - A Good Life in Paris","isPartOf":{"@id":"https:\/\/agoodlifeinparis.com\/fr\/#website"},"datePublished":"2019-12-10T01:11:20+00:00","dateModified":"2021-12-09T10:07:02+00:00","breadcrumb":{"@id":"https:\/\/agoodlifeinparis.com\/fr\/blog\/#breadcrumb"},"inLanguage":"fr-FR","potentialAction":[{"@type":"ReadAction","target":["https:\/\/agoodlifeinparis.com\/fr\/blog\/"]}]},{"@type":"BreadcrumbList","@id":"https:\/\/agoodlifeinparis.com\/fr\/blog\/#breadcrumb","itemListElement":[{"@type":"ListItem","position":1,"name":"Home","item":"https:\/\/agoodlifeinparis.com\/fr\/"},{"@type":"ListItem","position":2,"name":"Blog"}]},{"@type":"WebSite","@id":"https:\/\/agoodlifeinparis.com\/fr\/#website","url":"https:\/\/agoodlifeinparis.com\/fr\/","name":"A Good Life in Paris","description":"Find yourself on your journey to Paris!","potentialAction":[{"@type":"SearchAction","target":{"@type":"EntryPoint","urlTemplate":"https:\/\/agoodlifeinparis.com\/fr\/?s={search_term_string}"},"query-input":{"@type":"PropertyValueSpecification","valueRequired":true,"valueName":"search_term_string"}}],"inLanguage":"fr-FR"}]}},"_links":{"self":[{"href":"https:\/\/agoodlifeinparis.com\/fr\/wp-json\/wp\/v2\/pages\/1198","targetHints":{"allow":["GET"]}}],"collection":[{"href":"https:\/\/agoodlifeinparis.com\/fr\/wp-json\/wp\/v2\/pages"}],"about":[{"href":"https:\/\/agoodlifeinparis.com\/fr\/wp-json\/wp\/v2\/types\/page"}],"author":[{"embeddable":true,"href":"https:\/\/agoodlifeinparis.com\/fr\/wp-json\/wp\/v2\/users\/1"}],"replies":[{"embeddable":true,"href":"https:\/\/agoodlifeinparis.com\/fr\/wp-json\/wp\/v2\/comments?post=1198"}],"version-history":[{"count":9,"href":"https:\/\/agoodlifeinparis.com\/fr\/wp-json\/wp\/v2\/pages\/1198\/revisions"}],"predecessor-version":[{"id":1551,"href":"https:\/\/agoodlifeinparis.com\/fr\/wp-json\/wp\/v2\/pages\/1198\/revisions\/1551"}],"wp:attachment":[{"href":"https:\/\/agoodlifeinparis.com\/fr\/wp-json\/wp\/v2\/media?parent=1198"}],"curies":[{"name":"wp","href":"https:\/\/api.w.org\/{rel}","templated":true}]}}