{"id":1062,"date":"2016-05-23T10:30:24","date_gmt":"2016-05-23T08:30:24","guid":{"rendered":"https:\/\/agoodlifeinparis.com\/?page_id=1062"},"modified":"2025-12-12T16:56:37","modified_gmt":"2025-12-12T15:56:37","slug":"contact-2","status":"publish","type":"page","link":"https:\/\/agoodlifeinparis.com\/fr\/contact-2\/","title":{"rendered":"Contact"},"content":{"rendered":"<div id='full_slider_1'  class='avia-fullwidth-slider main_color avia-shadow   avia-builder-el-0  el_before_av_layout_row  avia-builder-el-first   container_wrap sidebar_right'  >\n<style type=\"text\/css\" data-created_by=\"avia_inline_auto\" id=\"style-css-av-jqkdarbc-312db620a81ef7dc4ce5a725bedc8717\">\n#top #wrap_all .avia-slideshow .av-slideshow-caption.av-jqkdarbc-312db620a81ef7dc4ce5a725bedc8717__0 .avia-caption-title{\nfont-size:100px;\n}\n#top .avia-slideshow .av-slideshow-caption.av-jqkdarbc-312db620a81ef7dc4ce5a725bedc8717__0 .avia-caption-content{\nfont-size:30px;\n}\n#top .avia-slideshow .av-slideshow-caption.av-jqkdarbc-312db620a81ef7dc4ce5a725bedc8717__0 .avia-caption-content p{\nfont-size:30px;\n}\n\n@media only screen and (max-width: 479px){ \n#top #wrap_all .avia-slideshow .av-slideshow-caption.av-jqkdarbc-312db620a81ef7dc4ce5a725bedc8717__0 .avia-caption-title{\nfont-size:40px;\n}\n#top .avia-slideshow .av-slideshow-caption.av-jqkdarbc-312db620a81ef7dc4ce5a725bedc8717__0 .avia-caption-content{\ndisplay:none;\n}\n#top .avia-slideshow .av-slideshow-caption.av-jqkdarbc-312db620a81ef7dc4ce5a725bedc8717__0 .avia-caption-content p{\ndisplay:none;\n}\n}\n<\/style>\n<div  class='avia-slideshow av-jqkdarbc-312db620a81ef7dc4ce5a725bedc8717 avia-slideshow-no scaling av_slideshow_full avia-slide-slider av-slideshow-ui av-control-default av-slideshow-manual av-loop-once av-loop-manual-endless av-default-height-applied   avia-slideshow-1' data-slideshow-options=\"{&quot;animation&quot;:&quot;slide&quot;,&quot;autoplay&quot;:false,&quot;loop_autoplay&quot;:&quot;once&quot;,&quot;interval&quot;:5,&quot;loop_manual&quot;:&quot;manual-endless&quot;,&quot;autoplay_stopper&quot;:false,&quot;noNavigation&quot;:false,&quot;bg_slider&quot;:false,&quot;keep_padding&quot;:false,&quot;hoverpause&quot;:false,&quot;show_slide_delay&quot;:0}\"  itemprop=\"image\" itemscope=\"itemscope\" itemtype=\"https:\/\/schema.org\/ImageObject\" ><ul class='avia-slideshow-inner ' style='padding-bottom: 53.645833333333%;'><li  class='avia-slideshow-slide av-jqkdarbc-312db620a81ef7dc4ce5a725bedc8717__0  av-single-slide slide-1 slide-odd'><div data-rel='slideshow-1' class='avia-slide-wrap '   ><div class='av-slideshow-caption av-jqkdarbc-312db620a81ef7dc4ce5a725bedc8717__0 caption_fullwidth caption_right caption_right_framed caption_framed'><div class=\"container caption_container\"><div class=\"slideshow_caption\"><div class=\"slideshow_inner_caption\"><div class=\"slideshow_align_caption\"><h2 class='avia-caption-title '  itemprop=\"name\" >Contactez-Moi<\/h2><div class='avia-caption-content '  itemprop=\"description\" ><p>Je serais ravie de vous parler !<\/p>\n<\/div><\/div><\/div><\/div><\/div><\/div><img decoding=\"async\" fetchpriority=\"high\" class=\"wp-image-1931 avia-img-lazy-loading-not-1931\"  src=\"https:\/\/agoodlifeinparis.com\/wp-content\/uploads\/2023\/09\/Lydie-Le-Louvre-1-e1694130889320.jpg\" width=\"1920\" height=\"1030\" title='Lydie-Le Louvre' alt=''  itemprop=\"thumbnailUrl\"   \/><\/div><\/li><\/ul><\/div><\/div>\n<div id='hello'  class='av-layout-grid-container av-4g0ldb-8105cd4141dbee6b09a2e8bd79781124 entry-content-wrapper main_color av-flex-cells  avia-builder-el-1  el_after_av_slideshow_full  avia-builder-el-last  grid-row-not-first  container_wrap sidebar_right'  >\n\n<style type=\"text\/css\" data-created_by=\"avia_inline_auto\" id=\"style-css-av-46ouy7-364a8ca18aa91f8ec0ac2a011a783418\">\n.flex_cell.av-46ouy7-364a8ca18aa91f8ec0ac2a011a783418{\nvertical-align:top;\n}\n.responsive #top #wrap_all .flex_cell.av-46ouy7-364a8ca18aa91f8ec0ac2a011a783418{\npadding:80px 80px 80px 80px !important;\n}\n\n@media only screen and (max-width: 479px){ \n.responsive #top #wrap_all .flex_cell.av-46ouy7-364a8ca18aa91f8ec0ac2a011a783418{\npadding:30px 30px 30px 30px !important;\n}\n}\n<\/style>\n<div class='flex_cell av-46ouy7-364a8ca18aa91f8ec0ac2a011a783418 av-gridrow-cell av_two_fifth no_margin  avia-builder-el-2  el_before_av_cell_three_fifth  avia-builder-el-first  content-align-top'  ><div class='flex_cell_inner'><p>\n<style type=\"text\/css\" data-created_by=\"avia_inline_auto\" id=\"style-css-av-hbwuf-fd56881f9bef16b6e270391557f4f561\">\n#top .av-special-heading.av-hbwuf-fd56881f9bef16b6e270391557f4f561{\npadding-bottom:30px;\nfont-size:60px;\n}\nbody .av-special-heading.av-hbwuf-fd56881f9bef16b6e270391557f4f561 .av-special-heading-tag .heading-char{\nfont-size:25px;\n}\n#top #wrap_all .av-special-heading.av-hbwuf-fd56881f9bef16b6e270391557f4f561 .av-special-heading-tag{\nfont-size:60px;\n}\n.av-special-heading.av-hbwuf-fd56881f9bef16b6e270391557f4f561 .av-subheading{\nfont-size:15px;\n}\n\n@media only screen and (min-width: 480px) and (max-width: 767px){ \n#top #wrap_all .av-special-heading.av-hbwuf-fd56881f9bef16b6e270391557f4f561 .av-special-heading-tag{\nfont-size:0.8em;\n}\n}\n\n@media only screen and (max-width: 479px){ \n#top #wrap_all .av-special-heading.av-hbwuf-fd56881f9bef16b6e270391557f4f561 .av-special-heading-tag{\nfont-size:0.8em;\n}\n}\n<\/style>\n<div  class='av-special-heading av-hbwuf-fd56881f9bef16b6e270391557f4f561 av-special-heading-h1 blockquote modern-quote  avia-builder-el-3  el_before_av_textblock  avia-builder-el-first  av-inherit-size av-linked-heading'><h1 class='av-special-heading-tag '  itemprop=\"headline\"  ><u>Prendre rendez-vous<\/u><\/h1><div class=\"special-heading-border\"><div class=\"special-heading-inner-border\"><\/div><\/div><\/div><br \/>\n<section  class='av_textblock_section av-3yt24n-1c433bae04c0d467d3c852853c3f82ff '   itemscope=\"itemscope\" itemtype=\"https:\/\/schema.org\/CreativeWork\" ><div class='avia_textblock'  itemprop=\"text\" ><p><span class=\"VIiyi\" lang=\"fr\"><span class=\"JLqJ4b ChMk0b\" data-language-for-alternatives=\"fr\" data-language-to-translate-into=\"en\" data-phrase-index=\"0\" data-number-of-phrases=\"5\">Les rendez-vous\u00a0 sont possibles par t\u00e9l\u00e9phone, en visioconf\u00e9rence sur Zoom, ou en pr\u00e9sentiel \u00e0 mon bureau de Paris.<\/span> <\/span><\/p>\n<p><span class=\"VIiyi\" lang=\"fr\"><span class=\"JLqJ4b ChMk0b\" data-language-for-alternatives=\"fr\" data-language-to-translate-into=\"en\" data-phrase-index=\"2\" data-number-of-phrases=\"5\">Vous pouvez me contacter en remplissant le <strong>formulaire<\/strong>, ou en m&rsquo;e<\/span><\/span><span class=\"VIiyi\" lang=\"fr\"><span class=\"JLqJ4b ChMk0b\" data-language-for-alternatives=\"fr\" data-language-to-translate-into=\"en\" data-phrase-index=\"4\" data-number-of-phrases=\"5\">nvoyant un <strong>e-mail<\/strong> sur : info (at) agoodlifeinparis.com (remplacez (at) par @ et assurez-vous de REGARDER VOTRE COURRIER SPAM pour ne pas rater mes e-mails de r\u00e9ponse !)<\/span><\/span><\/p>\n<\/div><\/section><\/p>\n<\/div><\/div>\n<style type=\"text\/css\" data-created_by=\"avia_inline_auto\" id=\"style-css-av-3e3y1z-bf432cfc4897d7f3efaeda5bc7968764\">\n.flex_cell.av-3e3y1z-bf432cfc4897d7f3efaeda5bc7968764{\nvertical-align:top;\nbackground-color:#719430;\n}\n.responsive #top #wrap_all .flex_cell.av-3e3y1z-bf432cfc4897d7f3efaeda5bc7968764{\npadding:20px 20px 20px 20px !important;\n}\n\n@media only screen and (max-width: 479px){ \n.responsive #top #wrap_all .flex_cell.av-3e3y1z-bf432cfc4897d7f3efaeda5bc7968764{\npadding:10px 10px 10px 10px !important;\n}\n}\n<\/style>\n<div class='flex_cell av-3e3y1z-bf432cfc4897d7f3efaeda5bc7968764 av-gridrow-cell av_three_fifth no_margin  avia-builder-el-5  el_after_av_cell_two_fifth  avia-builder-el-last  content-align-top avia-full-stretch'  ><div class='flex_cell_inner'>\n<style type=\"text\/css\" data-created_by=\"avia_inline_auto\" id=\"style-css-av-38zczr-4299c328ab6aa3c06389ca59ef32af80\">\n.flex_column.av-38zczr-4299c328ab6aa3c06389ca59ef32af80{\nborder-radius:0px 0px 0px 0px;\npadding:50px 50px 50px 50px;\nbackground-color:#ffffff;\n}\n<\/style>\n<div  class='flex_column av-38zczr-4299c328ab6aa3c06389ca59ef32af80 av_one_full  avia-builder-el-6  avia-builder-el-no-sibling  first flex_column_div avia-full-contain  '     ><section  class='av_textblock_section av-k36jbjfu-c3692e27f91df7025b0b6d1917396d68 '   itemscope=\"itemscope\" itemtype=\"https:\/\/schema.org\/CreativeWork\" ><div class='avia_textblock'  itemprop=\"text\" ><p class=\"p1\"><span class=\"VIiyi\" lang=\"fr\"><span class=\"JLqJ4b ChMk0b\" data-language-for-alternatives=\"fr\" data-language-to-translate-into=\"en\" data-phrase-index=\"0\" data-number-of-phrases=\"2\">Je suis disponible pour toutes questions.<\/span> <span class=\"JLqJ4b ChMk0b\" data-language-for-alternatives=\"fr\" data-language-to-translate-into=\"en\" data-phrase-index=\"1\" data-number-of-phrases=\"2\">Remplissez ce formulaire et je vous contacterai pour vous expliquer comment je peux r\u00e9pondre \u00e0 vos besoins.<\/span><\/span><\/p>\n<\/div><\/section><br \/>\n<form action=\"https:\/\/agoodlifeinparis.com\/fr\/contact-2\/\" method=\"post\" data-fields-with-error=\"Erreurs trouv\u00e9es dans les champs suivants :\" class=\"avia_ajax_form av-form-labels-visible   avia-builder-el-8  el_after_av_textblock  el_before_av_textblock   \" data-avia-form-id=\"1\" data-avia-redirect='' ><fieldset><p class='  first_form  form_element form_element_half' id='element_avia_1_1'><label for=\"avia_1_1\">Pr\u00e9nom <abbr class=\"required\" title=\"requis(e)\">*<\/abbr><\/label> <input name=\"avia_1_1\" class=\"text_input is_empty\" type=\"text\" id=\"avia_1_1\" value=\"\" \/><\/p><p class='  form_element form_element_half' id='element_avia_2_1'><label for=\"avia_2_1\">Nom <abbr class=\"required\" title=\"requis(e)\">*<\/abbr><\/label> <input name=\"avia_2_1\" class=\"text_input is_empty\" type=\"text\" id=\"avia_2_1\" value=\"\" \/><\/p><p class='  first_form  form_element form_fullwidth' id='element_avia_3_1'><label for=\"avia_3_1\">E-Mail <abbr class=\"required\" title=\"requis(e)\">*<\/abbr><\/label> <input name=\"avia_3_1\" class=\"text_input is_email\" type=\"text\" id=\"avia_3_1\" value=\"\" \/><\/p><p class='  first_form  form_element form_fullwidth' id='element_avia_4_1'><label for=\"avia_4_1\">T\u00e9l\u00e9phone <abbr class=\"required\" title=\"requis(e)\">*<\/abbr><\/label> <input name=\"avia_4_1\" class=\"text_input is_empty\" type=\"text\" id=\"avia_4_1\" value=\"\" \/><\/p><p class='  first_form  form_element form_fullwidth' id='element_avia_5_1'><input  name=\"avia_5_1\" class=\"input_checkbox \" type=\"checkbox\" id=\"avia_5_1\" value=\"true\"\/><label class=\"input_checkbox_label\" for=\"avia_5_1\">Je voudrais une session de 30 mn GRATUITE avec Lydie<\/label><\/p><p class='  first_form  form_element form_fullwidth' id='element_avia_6_1'><label for=\"avia_6_1\">Je suis int\u00e9ress\u00e9.e par: <abbr class=\"required\" title=\"requis(e)\">*<\/abbr><\/label><select  name=\"avia_6_1\" class=\"select is_empty\" id=\"avia_6_1\"><option   value='S\u00e9ances de coaching de vie holistique'>S\u00e9ances de coaching de vie holistique<\/option><option   value='Accompagnement personalis\u00e9 pour bien vivre en France'>Accompagnement personalis\u00e9 pour bien vivre en France<\/option><option   value='Programmes d&#039;immersion culturelle \u00e0 Paris'>Programmes d&#039;immersion culturelle \u00e0 Paris<\/option><option   value='Retraite \u00ab clart\u00e9 et bien-\u00eatre \u00bb \u00e0 Paris'>Retraite \u00ab clart\u00e9 et bien-\u00eatre \u00bb \u00e0 Paris<\/option><option   value='Je ne sais pas encore...'>Je ne sais pas encore...<\/option><\/select><\/p><p class='  first_form  form_element form_fullwidth' id='element_avia_7_1'><label for=\"avia_7_1\">Comment avez-vous connu &quot;A Good Life in Paris&quot; ? <abbr class=\"required\" title=\"requis(e)\">*<\/abbr><\/label><select  name=\"avia_7_1\" class=\"select is_empty\" id=\"avia_7_1\"><option   value='Un ami vous a recommand\u00e9'>Un ami vous a recommand\u00e9<\/option><option   value='Moteur de recherche'>Moteur de recherche<\/option><option   value='M\u00e9dias sociaux'>M\u00e9dias sociaux<\/option><option   value='Newsletter'>Newsletter<\/option><option   value='Autre'>Autre<\/option><\/select><\/p><p class='  first_form  form_element form_fullwidth' id='element_avia_8_1'><label for=\"avia_8_1\" class=\"textare_label hidden textare_label_avia_8_1\">Message <abbr class=\"required\" title=\"requis(e)\">*<\/abbr><\/label><textarea  name=\"avia_8_1\" class=\"text_area is_empty\" cols=\"40\" rows=\"7\" id=\"avia_8_1\" ><\/textarea><\/p><p class='  first_form  form_element form_fullwidth' id='element_avia_9_1'><input checked=\"checked\" name=\"avia_9_1\" class=\"input_checkbox \" type=\"checkbox\" id=\"avia_9_1\" value=\"true\"\/><label class=\"input_checkbox_label\" for=\"avia_9_1\">S&#039;abonner \u00e0 la newsletter !<\/label><\/p><p class=\"hidden\"><input type=\"text\" name=\"avia_10_1\" class=\"hidden \" id=\"avia_10_1\" value=\"\" \/><\/p><p class='   form_element form_fullwidth' id='element_avia_11_1'><span class='value_verifier_label'>0 + 3 = ?<\/span><input name=\"avia_11_1_verifier\" type=\"hidden\" id=\"avia_11_1_verifier\" value=\"536343673\"\/><label for=\"avia_11_1\">Merci de prouver que vous \u00eates un humain en donnant le r\u00e9sultat de cette op\u00e9ration <abbr class=\"required\" title=\"requis(e)\">*<\/abbr><\/label><input name=\"avia_11_1\" class=\"text_input captcha\" type=\"text\" id=\"avia_11_1\" value=\"\"\/><\/p><p class=\"form_element \"><input type=\"hidden\" value=\"1\" name=\"avia_generated_form1\" \/><input type=\"submit\" value=\"ENVOYER\" class=\"button\"  data-sending-label=\"Envoi\"\/><\/p><\/fieldset><\/form><div id=\"ajaxresponse_1\" class=\"ajaxresponse ajaxresponse_1 hidden\"><\/div><br \/>\n\n<style type=\"text\/css\" data-created_by=\"avia_inline_auto\" id=\"style-css-av-jp69uyl4-591d12fb7cc54fa526b3382018d993dc\">\n#top .av_textblock_section.av-jp69uyl4-591d12fb7cc54fa526b3382018d993dc .avia_textblock{\nfont-size:12px;\n}\n<\/style>\n<section  class='av_textblock_section av-jp69uyl4-591d12fb7cc54fa526b3382018d993dc '   itemscope=\"itemscope\" itemtype=\"https:\/\/schema.org\/CreativeWork\" ><div class='avia_textblock'  itemprop=\"text\" ><p><em><span class=\"VIiyi\" lang=\"fr\"><span class=\"JLqJ4b ChMk0b\" data-language-for-alternatives=\"fr\" data-language-to-translate-into=\"en\" data-phrase-index=\"0\" data-number-of-phrases=\"1\">* Conform\u00e9ment \u00e0 la loi Informatique et Libert\u00e9s et au R\u00e8glement G\u00e9n\u00e9ral sur la Protection des Donn\u00e9es (RGPD), vous disposez d&rsquo;un droit d&rsquo;acc\u00e8s, de rectification et de suppression des donn\u00e9es vous concernant et de vous opposer \u00e0 leur traitement.<\/span><\/span> <\/em><\/p>\n<\/div><\/section><\/p><\/div>\n<\/div><\/div><\/div>\n","protected":false},"excerpt":{"rendered":"","protected":false},"author":1,"featured_media":0,"parent":0,"menu_order":0,"comment_status":"closed","ping_status":"closed","template":"","meta":{"footnotes":""},"class_list":["post-1062","page","type-page","status-publish","hentry"],"yoast_head":"<!-- This site is optimized with the Yoast SEO plugin v26.5 - https:\/\/yoast.com\/wordpress\/plugins\/seo\/ -->\n<title>Contact - A Good Life in Paris<\/title>\n<meta name=\"robots\" content=\"index, follow, max-snippet:-1, max-image-preview:large, max-video-preview:-1\" \/>\n<link rel=\"canonical\" href=\"https:\/\/agoodlifeinparis.com\/fr\/contact-2\/\" \/>\n<meta property=\"og:locale\" content=\"fr_FR\" \/>\n<meta property=\"og:type\" content=\"article\" \/>\n<meta property=\"og:title\" content=\"Contact - A Good Life in Paris\" \/>\n<meta property=\"og:url\" content=\"https:\/\/agoodlifeinparis.com\/fr\/contact-2\/\" \/>\n<meta property=\"og:site_name\" content=\"A Good Life in Paris\" \/>\n<meta property=\"article:modified_time\" content=\"2025-12-12T15:56:37+00:00\" \/>\n<meta name=\"twitter:card\" content=\"summary_large_image\" \/>\n<meta name=\"twitter:label1\" content=\"Dur\u00e9e de lecture estim\u00e9e\" \/>\n\t<meta name=\"twitter:data1\" content=\"8 minutes\" \/>\n<script type=\"application\/ld+json\" class=\"yoast-schema-graph\">{\"@context\":\"https:\/\/schema.org\",\"@graph\":[{\"@type\":\"WebPage\",\"@id\":\"https:\/\/agoodlifeinparis.com\/fr\/contact-2\/\",\"url\":\"https:\/\/agoodlifeinparis.com\/fr\/contact-2\/\",\"name\":\"Contact - A Good Life in Paris\",\"isPartOf\":{\"@id\":\"https:\/\/agoodlifeinparis.com\/fr\/#website\"},\"datePublished\":\"2016-05-23T08:30:24+00:00\",\"dateModified\":\"2025-12-12T15:56:37+00:00\",\"breadcrumb\":{\"@id\":\"https:\/\/agoodlifeinparis.com\/fr\/contact-2\/#breadcrumb\"},\"inLanguage\":\"fr-FR\",\"potentialAction\":[{\"@type\":\"ReadAction\",\"target\":[\"https:\/\/agoodlifeinparis.com\/fr\/contact-2\/\"]}]},{\"@type\":\"BreadcrumbList\",\"@id\":\"https:\/\/agoodlifeinparis.com\/fr\/contact-2\/#breadcrumb\",\"itemListElement\":[{\"@type\":\"ListItem\",\"position\":1,\"name\":\"Home\",\"item\":\"https:\/\/agoodlifeinparis.com\/fr\/\"},{\"@type\":\"ListItem\",\"position\":2,\"name\":\"Contact\"}]},{\"@type\":\"WebSite\",\"@id\":\"https:\/\/agoodlifeinparis.com\/fr\/#website\",\"url\":\"https:\/\/agoodlifeinparis.com\/fr\/\",\"name\":\"A Good Life in Paris\",\"description\":\"Find yourself on your journey to Paris!\",\"potentialAction\":[{\"@type\":\"SearchAction\",\"target\":{\"@type\":\"EntryPoint\",\"urlTemplate\":\"https:\/\/agoodlifeinparis.com\/fr\/?s={search_term_string}\"},\"query-input\":{\"@type\":\"PropertyValueSpecification\",\"valueRequired\":true,\"valueName\":\"search_term_string\"}}],\"inLanguage\":\"fr-FR\"}]}<\/script>\n<!-- \/ Yoast SEO plugin. -->","yoast_head_json":{"title":"Contact - A Good Life in Paris","robots":{"index":"index","follow":"follow","max-snippet":"max-snippet:-1","max-image-preview":"max-image-preview:large","max-video-preview":"max-video-preview:-1"},"canonical":"https:\/\/agoodlifeinparis.com\/fr\/contact-2\/","og_locale":"fr_FR","og_type":"article","og_title":"Contact - A Good Life in Paris","og_url":"https:\/\/agoodlifeinparis.com\/fr\/contact-2\/","og_site_name":"A Good Life in Paris","article_modified_time":"2025-12-12T15:56:37+00:00","twitter_card":"summary_large_image","twitter_misc":{"Dur\u00e9e de lecture estim\u00e9e":"8 minutes"},"schema":{"@context":"https:\/\/schema.org","@graph":[{"@type":"WebPage","@id":"https:\/\/agoodlifeinparis.com\/fr\/contact-2\/","url":"https:\/\/agoodlifeinparis.com\/fr\/contact-2\/","name":"Contact - A Good Life in Paris","isPartOf":{"@id":"https:\/\/agoodlifeinparis.com\/fr\/#website"},"datePublished":"2016-05-23T08:30:24+00:00","dateModified":"2025-12-12T15:56:37+00:00","breadcrumb":{"@id":"https:\/\/agoodlifeinparis.com\/fr\/contact-2\/#breadcrumb"},"inLanguage":"fr-FR","potentialAction":[{"@type":"ReadAction","target":["https:\/\/agoodlifeinparis.com\/fr\/contact-2\/"]}]},{"@type":"BreadcrumbList","@id":"https:\/\/agoodlifeinparis.com\/fr\/contact-2\/#breadcrumb","itemListElement":[{"@type":"ListItem","position":1,"name":"Home","item":"https:\/\/agoodlifeinparis.com\/fr\/"},{"@type":"ListItem","position":2,"name":"Contact"}]},{"@type":"WebSite","@id":"https:\/\/agoodlifeinparis.com\/fr\/#website","url":"https:\/\/agoodlifeinparis.com\/fr\/","name":"A Good Life in Paris","description":"Find yourself on your journey to Paris!","potentialAction":[{"@type":"SearchAction","target":{"@type":"EntryPoint","urlTemplate":"https:\/\/agoodlifeinparis.com\/fr\/?s={search_term_string}"},"query-input":{"@type":"PropertyValueSpecification","valueRequired":true,"valueName":"search_term_string"}}],"inLanguage":"fr-FR"}]}},"_links":{"self":[{"href":"https:\/\/agoodlifeinparis.com\/fr\/wp-json\/wp\/v2\/pages\/1062","targetHints":{"allow":["GET"]}}],"collection":[{"href":"https:\/\/agoodlifeinparis.com\/fr\/wp-json\/wp\/v2\/pages"}],"about":[{"href":"https:\/\/agoodlifeinparis.com\/fr\/wp-json\/wp\/v2\/types\/page"}],"author":[{"embeddable":true,"href":"https:\/\/agoodlifeinparis.com\/fr\/wp-json\/wp\/v2\/users\/1"}],"replies":[{"embeddable":true,"href":"https:\/\/agoodlifeinparis.com\/fr\/wp-json\/wp\/v2\/comments?post=1062"}],"version-history":[{"count":28,"href":"https:\/\/agoodlifeinparis.com\/fr\/wp-json\/wp\/v2\/pages\/1062\/revisions"}],"predecessor-version":[{"id":2066,"href":"https:\/\/agoodlifeinparis.com\/fr\/wp-json\/wp\/v2\/pages\/1062\/revisions\/2066"}],"wp:attachment":[{"href":"https:\/\/agoodlifeinparis.com\/fr\/wp-json\/wp\/v2\/media?parent=1062"}],"curies":[{"name":"wp","href":"https:\/\/api.w.org\/{rel}","templated":true}]}}